{"id":69,"date":"2026-02-10T11:10:02","date_gmt":"2026-02-10T11:10:02","guid":{"rendered":"https:\/\/gustomania.ro\/index.php\/produs\/aroma-vanilie\/"},"modified":"2026-02-10T11:10:02","modified_gmt":"2026-02-10T11:10:02","slug":"aroma-vanilie","status":"publish","type":"product","link":"https:\/\/gustomania.ro\/index.php\/produs\/aroma-vanilie\/","title":{"rendered":"AROM\u0102 VANILIE"},"content":{"rendered":"<p>form\u0103 lichid\u0103, dozaj 0.2-0.3 %<\/p>\n","protected":false},"excerpt":{"rendered":"<p>form\u0103 lichid\u0103, dozaj 0.2-0.3 %<\/p>\n","protected":false},"featured_media":68,"comment_status":"open","ping_status":"closed","template":"","meta":[],"product_brand":[],"product_cat":[15],"product_tag":[],"class_list":{"0":"post-69","1":"product","2":"type-product","3":"status-publish","4":"has-post-thumbnail","6":"product_cat-fara-categorie","8":"first","9":"instock","10":"sale","11":"taxable","12":"shipping-taxable","13":"purchasable","14":"product-type-simple"},"jetpack_sharing_enabled":true,"_links":{"self":[{"href":"https:\/\/gustomania.ro\/index.php\/wp-json\/wp\/v2\/product\/69","targetHints":{"allow":["GET"]}}],"collection":[{"href":"https:\/\/gustomania.ro\/index.php\/wp-json\/wp\/v2\/product"}],"about":[{"href":"https:\/\/gustomania.ro\/index.php\/wp-json\/wp\/v2\/types\/product"}],"replies":[{"embeddable":true,"href":"https:\/\/gustomania.ro\/index.php\/wp-json\/wp\/v2\/comments?post=69"}],"wp:featuredmedia":[{"embeddable":true,"href":"https:\/\/gustomania.ro\/index.php\/wp-json\/wp\/v2\/media\/68"}],"wp:attachment":[{"href":"https:\/\/gustomania.ro\/index.php\/wp-json\/wp\/v2\/media?parent=69"}],"wp:term":[{"taxonomy":"product_brand","embeddable":true,"href":"https:\/\/gustomania.ro\/index.php\/wp-json\/wp\/v2\/product_brand?post=69"},{"taxonomy":"product_cat","embeddable":true,"href":"https:\/\/gustomania.ro\/index.php\/wp-json\/wp\/v2\/product_cat?post=69"},{"taxonomy":"product_tag","embeddable":true,"href":"https:\/\/gustomania.ro\/index.php\/wp-json\/wp\/v2\/product_tag?post=69"}],"curies":[{"name":"wp","href":"https:\/\/api.w.org\/{rel}","templated":true}]}}