{"id":15,"date":"2026-02-07T13:18:06","date_gmt":"2026-02-07T13:18:06","guid":{"rendered":"https:\/\/gustomania.ro\/index.php\/produs\/cacao-alcalinizata\/"},"modified":"2026-02-10T11:17:56","modified_gmt":"2026-02-10T11:17:56","slug":"cacao-alcalinizata","status":"publish","type":"product","link":"https:\/\/gustomania.ro\/index.php\/produs\/cacao-alcalinizata\/","title":{"rendered":"cacao alcalinizat\u0103 1kg"},"content":{"rendered":"<p>cacao alcalinizat\u0103 cu 10-12 % gr\u0103sime , excelent\u0103 pentru aplica\u021bii industriale c\u00e2t \u0219i casnice<\/p>\n","protected":false},"excerpt":{"rendered":"<p>cacao alcalinizat\u0103 cu 10-12 % gr\u0103sime , excelent\u0103 pentru aplica\u021bii industriale c\u00e2t \u0219i casnice<\/p>\n","protected":false},"featured_media":72,"comment_status":"open","ping_status":"closed","template":"","meta":[],"product_brand":[],"product_cat":[15],"product_tag":[],"class_list":{"0":"post-15","1":"product","2":"type-product","3":"status-publish","4":"has-post-thumbnail","6":"product_cat-fara-categorie","8":"first","9":"instock","10":"taxable","11":"shipping-taxable","12":"purchasable","13":"product-type-simple"},"jetpack_sharing_enabled":true,"_links":{"self":[{"href":"https:\/\/gustomania.ro\/index.php\/wp-json\/wp\/v2\/product\/15","targetHints":{"allow":["GET"]}}],"collection":[{"href":"https:\/\/gustomania.ro\/index.php\/wp-json\/wp\/v2\/product"}],"about":[{"href":"https:\/\/gustomania.ro\/index.php\/wp-json\/wp\/v2\/types\/product"}],"replies":[{"embeddable":true,"href":"https:\/\/gustomania.ro\/index.php\/wp-json\/wp\/v2\/comments?post=15"}],"wp:featuredmedia":[{"embeddable":true,"href":"https:\/\/gustomania.ro\/index.php\/wp-json\/wp\/v2\/media\/72"}],"wp:attachment":[{"href":"https:\/\/gustomania.ro\/index.php\/wp-json\/wp\/v2\/media?parent=15"}],"wp:term":[{"taxonomy":"product_brand","embeddable":true,"href":"https:\/\/gustomania.ro\/index.php\/wp-json\/wp\/v2\/product_brand?post=15"},{"taxonomy":"product_cat","embeddable":true,"href":"https:\/\/gustomania.ro\/index.php\/wp-json\/wp\/v2\/product_cat?post=15"},{"taxonomy":"product_tag","embeddable":true,"href":"https:\/\/gustomania.ro\/index.php\/wp-json\/wp\/v2\/product_tag?post=15"}],"curies":[{"name":"wp","href":"https:\/\/api.w.org\/{rel}","templated":true}]}}