{"id":134,"date":"2026-03-06T12:45:52","date_gmt":"2026-03-06T12:45:52","guid":{"rendered":"https:\/\/gustomania.ro\/index.php\/produs\/seminte-floarea-soarelui-crude-sac-5-kg\/"},"modified":"2026-03-06T12:45:52","modified_gmt":"2026-03-06T12:45:52","slug":"seminte-floarea-soarelui-crude-sac-5-kg","status":"publish","type":"product","link":"https:\/\/gustomania.ro\/index.php\/produs\/seminte-floarea-soarelui-crude-sac-5-kg\/","title":{"rendered":"SEMINTE FLOAREA SOARELUI CRUDE SAC 5 KG"},"content":{"rendered":"<p>diverse utiliz\u0103ri \u00een buc\u0103t\u0103rie \u0219i industrie<\/p>\n","protected":false},"excerpt":{"rendered":"<p>diverse utiliz\u0103ri \u00een buc\u0103t\u0103rie \u0219i industrie<\/p>\n","protected":false},"featured_media":133,"comment_status":"open","ping_status":"closed","template":"","meta":[],"product_brand":[],"product_cat":[15],"product_tag":[],"class_list":{"0":"post-134","1":"product","2":"type-product","3":"status-publish","4":"has-post-thumbnail","6":"product_cat-fara-categorie","8":"first","9":"instock","10":"sale","11":"taxable","12":"shipping-taxable","13":"purchasable","14":"product-type-simple"},"jetpack_sharing_enabled":true,"_links":{"self":[{"href":"https:\/\/gustomania.ro\/index.php\/wp-json\/wp\/v2\/product\/134","targetHints":{"allow":["GET"]}}],"collection":[{"href":"https:\/\/gustomania.ro\/index.php\/wp-json\/wp\/v2\/product"}],"about":[{"href":"https:\/\/gustomania.ro\/index.php\/wp-json\/wp\/v2\/types\/product"}],"replies":[{"embeddable":true,"href":"https:\/\/gustomania.ro\/index.php\/wp-json\/wp\/v2\/comments?post=134"}],"wp:featuredmedia":[{"embeddable":true,"href":"https:\/\/gustomania.ro\/index.php\/wp-json\/wp\/v2\/media\/133"}],"wp:attachment":[{"href":"https:\/\/gustomania.ro\/index.php\/wp-json\/wp\/v2\/media?parent=134"}],"wp:term":[{"taxonomy":"product_brand","embeddable":true,"href":"https:\/\/gustomania.ro\/index.php\/wp-json\/wp\/v2\/product_brand?post=134"},{"taxonomy":"product_cat","embeddable":true,"href":"https:\/\/gustomania.ro\/index.php\/wp-json\/wp\/v2\/product_cat?post=134"},{"taxonomy":"product_tag","embeddable":true,"href":"https:\/\/gustomania.ro\/index.php\/wp-json\/wp\/v2\/product_tag?post=134"}],"curies":[{"name":"wp","href":"https:\/\/api.w.org\/{rel}","templated":true}]}}