{"id":128,"date":"2026-03-06T12:26:26","date_gmt":"2026-03-06T12:26:26","guid":{"rendered":"https:\/\/gustomania.ro\/index.php\/produs\/cocos-deshidratat-5-kg\/"},"modified":"2026-03-06T12:26:26","modified_gmt":"2026-03-06T12:26:26","slug":"cocos-deshidratat-5-kg","status":"publish","type":"product","link":"https:\/\/gustomania.ro\/index.php\/produs\/cocos-deshidratat-5-kg\/","title":{"rendered":"COCOS DESHIDRATAT 5 kg"},"content":{"rendered":"<p>Nutri\u021bie: Este bogat \u00een fibre, cupru \u0219i mangan. De\u0219i are un con\u021binut ridicat de gr\u0103simi saturate, acestea sunt \u00een mare parte sub form\u0103 de trigliceride cu lan\u021b mediu (MCT), care sunt procesate rapid de organism pentru energie.<br \/>\n\u00cen Buc\u0103t\u0103rie: * Fulgi: Ideali pentru decorat torturi sau budinci.<br \/>\nR\u0103zuial\u0103 fin\u0103: Perfect\u0103 pentru compozi\u021bia bomboanelor de tip &#8222;Raffaello&#8221; sau \u00een blaturi de rulad\u0103.<br \/>\nChipsuri: O gustare s\u0103n\u0103toas\u0103, adesea coapt\u0103 p\u00e2n\u0103 devine crocant\u0103.<\/p>\n","protected":false},"excerpt":{"rendered":"<p>Nutri\u021bie: Este bogat \u00een fibre, cupru \u0219i mangan. De\u0219i are un con\u021binut ridicat de gr\u0103simi saturate, acestea sunt \u00een mare parte sub form\u0103 de trigliceride cu lan\u021b mediu (MCT), care sunt procesate rapid de organism pentru energie. \u00cen Buc\u0103t\u0103rie: * Fulgi: Ideali pentru decorat torturi sau budinci. R\u0103zuial\u0103 fin\u0103: Perfect\u0103 pentru compozi\u021bia bomboanelor de tip [&hellip;]<\/p>\n","protected":false},"featured_media":127,"comment_status":"open","ping_status":"closed","template":"","meta":[],"product_brand":[],"product_cat":[15],"product_tag":[],"class_list":{"0":"post-128","1":"product","2":"type-product","3":"status-publish","4":"has-post-thumbnail","6":"product_cat-fara-categorie","8":"first","9":"instock","10":"sale","11":"taxable","12":"shipping-taxable","13":"purchasable","14":"product-type-simple"},"jetpack_sharing_enabled":true,"_links":{"self":[{"href":"https:\/\/gustomania.ro\/index.php\/wp-json\/wp\/v2\/product\/128","targetHints":{"allow":["GET"]}}],"collection":[{"href":"https:\/\/gustomania.ro\/index.php\/wp-json\/wp\/v2\/product"}],"about":[{"href":"https:\/\/gustomania.ro\/index.php\/wp-json\/wp\/v2\/types\/product"}],"replies":[{"embeddable":true,"href":"https:\/\/gustomania.ro\/index.php\/wp-json\/wp\/v2\/comments?post=128"}],"wp:featuredmedia":[{"embeddable":true,"href":"https:\/\/gustomania.ro\/index.php\/wp-json\/wp\/v2\/media\/127"}],"wp:attachment":[{"href":"https:\/\/gustomania.ro\/index.php\/wp-json\/wp\/v2\/media?parent=128"}],"wp:term":[{"taxonomy":"product_brand","embeddable":true,"href":"https:\/\/gustomania.ro\/index.php\/wp-json\/wp\/v2\/product_brand?post=128"},{"taxonomy":"product_cat","embeddable":true,"href":"https:\/\/gustomania.ro\/index.php\/wp-json\/wp\/v2\/product_cat?post=128"},{"taxonomy":"product_tag","embeddable":true,"href":"https:\/\/gustomania.ro\/index.php\/wp-json\/wp\/v2\/product_tag?post=128"}],"curies":[{"name":"wp","href":"https:\/\/api.w.org\/{rel}","templated":true}]}}