{"id":126,"date":"2026-03-06T12:20:00","date_gmt":"2026-03-06T12:20:00","guid":{"rendered":"https:\/\/gustomania.ro\/index.php\/produs\/stafide-10-kg\/"},"modified":"2026-03-06T12:20:00","modified_gmt":"2026-03-06T12:20:00","slug":"stafide-10-kg","status":"publish","type":"product","link":"https:\/\/gustomania.ro\/index.php\/produs\/stafide-10-kg\/","title":{"rendered":"STAFIDE 10 KG"},"content":{"rendered":"<p>De\u0219i sunt mici, stafidele sunt extrem de dense energetic. Ele sunt, practic, struguri deshidrata\u021bi, ceea ce concentreaz\u0103 at\u00e2t zaharurile, c\u00e2t \u0219i nutrien\u021bii:<br \/>\nSurs\u0103 de energie: Bogate \u00een fructoz\u0103 \u0219i glucoz\u0103, sunt ideale pentru sportivi sau \u00eenainte de efort fizic.<br \/>\nFibre: Ajut\u0103 digestia \u0219i ofer\u0103 o senza\u021bie de sa\u021bietate mai rapid\u0103.<br \/>\nAntioxidan\u021bi: Con\u021bin polifenoli care protejeaz\u0103 celulele \u00eempotriva stresului oxidativ.<br \/>\nMinerale: Sunt o surs\u0103 bun\u0103 de fier (pentru prevenirea anemiei) \u0219i potasiu.<\/p>\n","protected":false},"excerpt":{"rendered":"<p>De\u0219i sunt mici, stafidele sunt extrem de dense energetic. Ele sunt, practic, struguri deshidrata\u021bi, ceea ce concentreaz\u0103 at\u00e2t zaharurile, c\u00e2t \u0219i nutrien\u021bii: Surs\u0103 de energie: Bogate \u00een fructoz\u0103 \u0219i glucoz\u0103, sunt ideale pentru sportivi sau \u00eenainte de efort fizic. Fibre: Ajut\u0103 digestia \u0219i ofer\u0103 o senza\u021bie de sa\u021bietate mai rapid\u0103. Antioxidan\u021bi: Con\u021bin polifenoli care protejeaz\u0103 [&hellip;]<\/p>\n","protected":false},"featured_media":125,"comment_status":"open","ping_status":"closed","template":"","meta":[],"product_brand":[],"product_cat":[15],"product_tag":[],"class_list":{"0":"post-126","1":"product","2":"type-product","3":"status-publish","4":"has-post-thumbnail","6":"product_cat-fara-categorie","8":"first","9":"instock","10":"sale","11":"taxable","12":"shipping-taxable","13":"purchasable","14":"product-type-simple"},"jetpack_sharing_enabled":true,"_links":{"self":[{"href":"https:\/\/gustomania.ro\/index.php\/wp-json\/wp\/v2\/product\/126","targetHints":{"allow":["GET"]}}],"collection":[{"href":"https:\/\/gustomania.ro\/index.php\/wp-json\/wp\/v2\/product"}],"about":[{"href":"https:\/\/gustomania.ro\/index.php\/wp-json\/wp\/v2\/types\/product"}],"replies":[{"embeddable":true,"href":"https:\/\/gustomania.ro\/index.php\/wp-json\/wp\/v2\/comments?post=126"}],"wp:featuredmedia":[{"embeddable":true,"href":"https:\/\/gustomania.ro\/index.php\/wp-json\/wp\/v2\/media\/125"}],"wp:attachment":[{"href":"https:\/\/gustomania.ro\/index.php\/wp-json\/wp\/v2\/media?parent=126"}],"wp:term":[{"taxonomy":"product_brand","embeddable":true,"href":"https:\/\/gustomania.ro\/index.php\/wp-json\/wp\/v2\/product_brand?post=126"},{"taxonomy":"product_cat","embeddable":true,"href":"https:\/\/gustomania.ro\/index.php\/wp-json\/wp\/v2\/product_cat?post=126"},{"taxonomy":"product_tag","embeddable":true,"href":"https:\/\/gustomania.ro\/index.php\/wp-json\/wp\/v2\/product_tag?post=126"}],"curies":[{"name":"wp","href":"https:\/\/api.w.org\/{rel}","templated":true}]}}