{"id":124,"date":"2026-03-06T12:18:25","date_gmt":"2026-03-06T12:18:25","guid":{"rendered":"https:\/\/gustomania.ro\/index.php\/produs\/seminte-mac-sac-5-kg\/"},"modified":"2026-03-06T12:18:25","modified_gmt":"2026-03-06T12:18:25","slug":"seminte-mac-sac-5-kg","status":"publish","type":"product","link":"https:\/\/gustomania.ro\/index.php\/produs\/seminte-mac-sac-5-kg\/","title":{"rendered":"semin\u021be Mac sac 5 kg"},"content":{"rendered":"<p>Patiserie \u0219i Brut\u0103rie: Indispensabile pentru covrigi, cozonaci, pl\u0103cinte sau celebrul tort cu mac.<br \/>\nS\u0103n\u0103tate: Sunt o surs\u0103 excelent\u0103 de calciu, magneziu, fosfor \u0219i fibre.<br \/>\nDecor: Ofer\u0103 un aspect vizual pl\u0103cut produselor de panifica\u021bie.<\/p>\n","protected":false},"excerpt":{"rendered":"<p>Patiserie \u0219i Brut\u0103rie: Indispensabile pentru covrigi, cozonaci, pl\u0103cinte sau celebrul tort cu mac. S\u0103n\u0103tate: Sunt o surs\u0103 excelent\u0103 de calciu, magneziu, fosfor \u0219i fibre. Decor: Ofer\u0103 un aspect vizual pl\u0103cut produselor de panifica\u021bie.<\/p>\n","protected":false},"featured_media":123,"comment_status":"open","ping_status":"closed","template":"","meta":[],"product_brand":[],"product_cat":[15],"product_tag":[],"class_list":{"0":"post-124","1":"product","2":"type-product","3":"status-publish","4":"has-post-thumbnail","6":"product_cat-fara-categorie","8":"first","9":"instock","10":"sale","11":"taxable","12":"shipping-taxable","13":"purchasable","14":"product-type-simple"},"jetpack_sharing_enabled":true,"_links":{"self":[{"href":"https:\/\/gustomania.ro\/index.php\/wp-json\/wp\/v2\/product\/124","targetHints":{"allow":["GET"]}}],"collection":[{"href":"https:\/\/gustomania.ro\/index.php\/wp-json\/wp\/v2\/product"}],"about":[{"href":"https:\/\/gustomania.ro\/index.php\/wp-json\/wp\/v2\/types\/product"}],"replies":[{"embeddable":true,"href":"https:\/\/gustomania.ro\/index.php\/wp-json\/wp\/v2\/comments?post=124"}],"wp:featuredmedia":[{"embeddable":true,"href":"https:\/\/gustomania.ro\/index.php\/wp-json\/wp\/v2\/media\/123"}],"wp:attachment":[{"href":"https:\/\/gustomania.ro\/index.php\/wp-json\/wp\/v2\/media?parent=124"}],"wp:term":[{"taxonomy":"product_brand","embeddable":true,"href":"https:\/\/gustomania.ro\/index.php\/wp-json\/wp\/v2\/product_brand?post=124"},{"taxonomy":"product_cat","embeddable":true,"href":"https:\/\/gustomania.ro\/index.php\/wp-json\/wp\/v2\/product_cat?post=124"},{"taxonomy":"product_tag","embeddable":true,"href":"https:\/\/gustomania.ro\/index.php\/wp-json\/wp\/v2\/product_tag?post=124"}],"curies":[{"name":"wp","href":"https:\/\/api.w.org\/{rel}","templated":true}]}}